{"id":23,"date":"2025-08-20T11:16:23","date_gmt":"2025-08-20T11:16:23","guid":{"rendered":"https:\/\/2025.zockerstuebchen.com\/?page_id=23"},"modified":"2025-08-20T12:11:16","modified_gmt":"2025-08-20T12:11:16","slug":"elementor-23","status":"publish","type":"page","link":"https:\/\/2025.zockerstuebchen.com\/","title":{"rendered":"Startseite"},"content":{"rendered":"\t\t<div data-elementor-type=\"wp-page\" data-elementor-id=\"23\" class=\"elementor elementor-23\" data-elementor-post-type=\"page\">\n\t\t\t\t<div class=\"elementor-element elementor-element-d3d0720 e-flex e-con-boxed e-con e-parent\" data-id=\"d3d0720\" data-element_type=\"container\">\n\t\t\t\t\t<div class=\"e-con-inner\">\n\t\t<div class=\"elementor-element elementor-element-db978b4 e-con-full e-flex e-con e-child\" data-id=\"db978b4\" data-element_type=\"container\">\n\t\t\t\t<div class=\"elementor-element elementor-element-a573d06 elementor-widget elementor-widget-menu-anchor\" data-id=\"a573d06\" data-element_type=\"widget\" data-widget_type=\"menu-anchor.default\">\n\t\t\t\t\t\t\t<div class=\"elementor-menu-anchor\" id=\"streams\"><\/div>\n\t\t\t\t\t\t<\/div>\n\t\t\t\t<div class=\"elementor-element elementor-element-943522e elementor-widget elementor-widget-heading\" data-id=\"943522e\" data-element_type=\"widget\" data-widget_type=\"heading.default\">\n\t\t\t\t\t<h2 class=\"elementor-heading-title elementor-size-default\">Hauptkanal<\/h2>\t\t\t\t<\/div>\n\t\t\t\t<div class=\"elementor-element elementor-element-e437f02 elementor-widget elementor-widget-html\" data-id=\"e437f02\" data-element_type=\"widget\" data-widget_type=\"html.default\">\n\t\t\t\t\t<iframe src=\"https:\/\/player.twitch.tv\/?channel=zockerstuebchen&parent=zockerstuebchen.com\" allowfullscreen><\/iframe>\t\t\t\t<\/div>\n\t\t\t\t<\/div>\n\t\t<div class=\"elementor-element elementor-element-f64e39f e-con-full e-flex e-con e-child\" data-id=\"f64e39f\" data-element_type=\"container\">\n\t\t\t\t<div class=\"elementor-element elementor-element-03f43cd elementor-widget elementor-widget-heading\" data-id=\"03f43cd\" data-element_type=\"widget\" data-widget_type=\"heading.default\">\n\t\t\t\t\t<h2 class=\"elementor-heading-title elementor-size-default\">24\/7 Stream<\/h2>\t\t\t\t<\/div>\n\t\t\t\t<div class=\"elementor-element elementor-element-d230f09 elementor-widget elementor-widget-html\" data-id=\"d230f09\" data-element_type=\"widget\" data-widget_type=\"html.default\">\n\t\t\t\t\t<iframe src=\"https:\/\/player.twitch.tv\/?channel=zockerstuebchen_tv&parent=zockerstuebchen.com\" allowfullscreen><\/iframe>\t\t\t\t<\/div>\n\t\t\t\t<\/div>\n\t\t\t\t\t<\/div>\n\t\t\t\t<\/div>\n\t\t<div class=\"elementor-element elementor-element-fcb6949 e-flex e-con-boxed e-con e-parent\" data-id=\"fcb6949\" data-element_type=\"container\">\n\t\t\t\t\t<div class=\"e-con-inner\">\n\t\t\t\t<div class=\"elementor-element elementor-element-506aa94 elementor-widget elementor-widget-menu-anchor\" data-id=\"506aa94\" data-element_type=\"widget\" data-widget_type=\"menu-anchor.default\">\n\t\t\t\t\t\t\t<div class=\"elementor-menu-anchor\" id=\"team\"><\/div>\n\t\t\t\t\t\t<\/div>\n\t\t\t\t<div class=\"elementor-element elementor-element-451cd87 elementor-widget elementor-widget-heading\" data-id=\"451cd87\" data-element_type=\"widget\" data-widget_type=\"heading.default\">\n\t\t\t\t\t<h1 class=\"elementor-heading-title elementor-size-default\">Das Team<\/h1>\t\t\t\t<\/div>\n\t\t\t\t<div class=\"elementor-element elementor-element-426e13b elementor-widget elementor-widget-image-gallery\" data-id=\"426e13b\" data-element_type=\"widget\" data-widget_type=\"image-gallery.default\">\n\t\t\t\t\t\t\t<div class=\"elementor-image-gallery\">\n\t\t\t<div id='gallery-1' class='gallery galleryid-23 gallery-columns-3 gallery-size-thumbnail'><figure class='gallery-item'>\n\t\t\t<div class='gallery-icon landscape'>\n\t\t\t\t<img decoding=\"async\" width=\"150\" height=\"150\" src=\"https:\/\/2025.zockerstuebchen.com\/wp-content\/uploads\/2025\/08\/Logo_ZOCKER_STUBCHEN-150x150.png\" class=\"attachment-thumbnail size-thumbnail\" alt=\"\" aria-describedby=\"gallery-1-14\" srcset=\"https:\/\/2025.zockerstuebchen.com\/wp-content\/uploads\/2025\/08\/Logo_ZOCKER_STUBCHEN-150x150.png 150w, https:\/\/2025.zockerstuebchen.com\/wp-content\/uploads\/2025\/08\/Logo_ZOCKER_STUBCHEN-300x300.png 300w, https:\/\/2025.zockerstuebchen.com\/wp-content\/uploads\/2025\/08\/Logo_ZOCKER_STUBCHEN-1024x1024.png 1024w, https:\/\/2025.zockerstuebchen.com\/wp-content\/uploads\/2025\/08\/Logo_ZOCKER_STUBCHEN-768x768.png 768w, https:\/\/2025.zockerstuebchen.com\/wp-content\/uploads\/2025\/08\/Logo_ZOCKER_STUBCHEN-1536x1536.png 1536w, https:\/\/2025.zockerstuebchen.com\/wp-content\/uploads\/2025\/08\/Logo_ZOCKER_STUBCHEN-2048x2048.png 2048w\" sizes=\"(max-width: 150px) 100vw, 150px\" \/>\n\t\t\t<\/div>\n\t\t\t\t<figcaption class='wp-caption-text gallery-caption' id='gallery-1-14'>\n\t\t\t\tZockerst\u00fcbchen\n\t\t\t\t<\/figcaption><\/figure><figure class='gallery-item'>\n\t\t\t<div class='gallery-icon landscape'>\n\t\t\t\t<img decoding=\"async\" width=\"150\" height=\"150\" src=\"https:\/\/2025.zockerstuebchen.com\/wp-content\/uploads\/2025\/08\/pyano-150x150.png\" class=\"attachment-thumbnail size-thumbnail\" alt=\"\" aria-describedby=\"gallery-1-40\" srcset=\"https:\/\/2025.zockerstuebchen.com\/wp-content\/uploads\/2025\/08\/pyano-150x150.png 150w, https:\/\/2025.zockerstuebchen.com\/wp-content\/uploads\/2025\/08\/pyano-300x300.png 300w, https:\/\/2025.zockerstuebchen.com\/wp-content\/uploads\/2025\/08\/pyano.png 690w\" sizes=\"(max-width: 150px) 100vw, 150px\" \/>\n\t\t\t<\/div>\n\t\t\t\t<figcaption class='wp-caption-text gallery-caption' id='gallery-1-40'>\n\t\t\t\tPyano\n\t\t\t\t<\/figcaption><\/figure>\n\t\t<\/div>\n\t\t<\/div>\n\t\t\t\t\t\t<\/div>\n\t\t\t\t<div class=\"elementor-element elementor-element-56d28b1 elementor-widget elementor-widget-menu-anchor\" data-id=\"56d28b1\" data-element_type=\"widget\" data-widget_type=\"menu-anchor.default\">\n\t\t\t\t\t\t\t<div class=\"elementor-menu-anchor\" id=\"zst\"><\/div>\n\t\t\t\t\t\t<\/div>\n\t\t\t\t<div class=\"elementor-element elementor-element-9a80c32 elementor-widget elementor-widget-heading\" data-id=\"9a80c32\" data-element_type=\"widget\" data-widget_type=\"heading.default\">\n\t\t\t\t\t<h1 class=\"elementor-heading-title elementor-size-default\">Zockerst\u00fcbchentag 2025<\/h1>\t\t\t\t<\/div>\n\t\t\t\t\t<\/div>\n\t\t\t\t<\/div>\n\t\t<div class=\"elementor-element elementor-element-108b3b2 e-flex e-con-boxed e-con e-parent\" data-id=\"108b3b2\" data-element_type=\"container\">\n\t\t\t\t\t<div class=\"e-con-inner\">\n\t\t\t\t<div class=\"elementor-element elementor-element-fa85b0b elementor-widget elementor-widget-text-editor\" data-id=\"fa85b0b\" data-element_type=\"widget\" data-widget_type=\"text-editor.default\">\n\t\t\t\t\t\t\t\t\t<p>Am 21.09. findet unser Zockerst\u00fcbchentag statt. Hier findet ihr unser Programm<\/p>\t\t\t\t\t\t\t\t<\/div>\n\t\t\t\t<div class=\"elementor-element elementor-element-7ffae88 elementor-widget elementor-widget-image\" data-id=\"7ffae88\" data-element_type=\"widget\" data-widget_type=\"image.default\">\n\t\t\t\t\t\t\t\t\t\t\t\t\t\t\t<img fetchpriority=\"high\" decoding=\"async\" width=\"768\" height=\"1086\" src=\"https:\/\/2025.zockerstuebchen.com\/wp-content\/uploads\/2025\/08\/Programmflyer-Zockerstuebchentag-1-768x1086.png\" class=\"attachment-medium_large size-medium_large wp-image-30\" alt=\"\" srcset=\"https:\/\/2025.zockerstuebchen.com\/wp-content\/uploads\/2025\/08\/Programmflyer-Zockerstuebchentag-1-768x1086.png 768w, https:\/\/2025.zockerstuebchen.com\/wp-content\/uploads\/2025\/08\/Programmflyer-Zockerstuebchentag-1-212x300.png 212w, https:\/\/2025.zockerstuebchen.com\/wp-content\/uploads\/2025\/08\/Programmflyer-Zockerstuebchentag-1-724x1024.png 724w, https:\/\/2025.zockerstuebchen.com\/wp-content\/uploads\/2025\/08\/Programmflyer-Zockerstuebchentag-1-1086x1536.png 1086w, https:\/\/2025.zockerstuebchen.com\/wp-content\/uploads\/2025\/08\/Programmflyer-Zockerstuebchentag-1.png 1414w\" sizes=\"(max-width: 768px) 100vw, 768px\" \/>\t\t\t\t\t\t\t\t\t\t\t\t\t\t\t<\/div>\n\t\t\t\t\t<\/div>\n\t\t\t\t<\/div>\n\t\t\t\t<\/div>\n\t\t","protected":false},"excerpt":{"rendered":"<p>Hauptkanal 24\/7 Stream Das Team Zockerst\u00fcbchen Pyano Zockerst\u00fcbchentag 2025 Am 21.09. findet unser Zockerst\u00fcbchentag statt. Hier findet ihr unser Programm<\/p>\n","protected":false},"author":1,"featured_media":0,"parent":0,"menu_order":0,"comment_status":"closed","ping_status":"closed","template":"","meta":{"footnotes":""},"class_list":["post-23","page","type-page","status-publish","hentry"],"yoast_head":"<!-- This site is optimized with the Yoast SEO plugin v25.7 - https:\/\/yoast.com\/wordpress\/plugins\/seo\/ -->\n<title>Startseite - Zockerst\u00fcbchen<\/title>\n<meta name=\"robots\" content=\"index, follow, max-snippet:-1, max-image-preview:large, max-video-preview:-1\" \/>\n<link rel=\"canonical\" href=\"https:\/\/2025.zockerstuebchen.com\/\" \/>\n<meta property=\"og:locale\" content=\"de_DE\" \/>\n<meta property=\"og:type\" content=\"article\" \/>\n<meta property=\"og:title\" content=\"Startseite - Zockerst\u00fcbchen\" \/>\n<meta property=\"og:description\" content=\"Hauptkanal 24\/7 Stream Das Team Zockerst\u00fcbchen Pyano Zockerst\u00fcbchentag 2025 Am 21.09. findet unser Zockerst\u00fcbchentag statt. Hier findet ihr unser Programm\" \/>\n<meta property=\"og:url\" content=\"https:\/\/2025.zockerstuebchen.com\/\" \/>\n<meta property=\"og:site_name\" content=\"Zockerst\u00fcbchen\" \/>\n<meta property=\"article:modified_time\" content=\"2025-08-20T12:11:16+00:00\" \/>\n<meta property=\"og:image\" content=\"https:\/\/2025.zockerstuebchen.com\/wp-content\/uploads\/2025\/08\/Logo_ZOCKER_STUBCHEN-150x150.png\" \/>\n<meta name=\"twitter:card\" content=\"summary_large_image\" \/>\n<meta name=\"twitter:label1\" content=\"Gesch\u00e4tzte Lesezeit\" \/>\n\t<meta name=\"twitter:data1\" content=\"1\u00a0Minute\" \/>\n<script type=\"application\/ld+json\" class=\"yoast-schema-graph\">{\"@context\":\"https:\/\/schema.org\",\"@graph\":[{\"@type\":\"WebPage\",\"@id\":\"https:\/\/2025.zockerstuebchen.com\/\",\"url\":\"https:\/\/2025.zockerstuebchen.com\/\",\"name\":\"Startseite - Zockerst\u00fcbchen\",\"isPartOf\":{\"@id\":\"https:\/\/2025.zockerstuebchen.com\/#website\"},\"primaryImageOfPage\":{\"@id\":\"https:\/\/2025.zockerstuebchen.com\/#primaryimage\"},\"image\":{\"@id\":\"https:\/\/2025.zockerstuebchen.com\/#primaryimage\"},\"thumbnailUrl\":\"https:\/\/2025.zockerstuebchen.com\/wp-content\/uploads\/2025\/08\/Logo_ZOCKER_STUBCHEN-150x150.png\",\"datePublished\":\"2025-08-20T11:16:23+00:00\",\"dateModified\":\"2025-08-20T12:11:16+00:00\",\"breadcrumb\":{\"@id\":\"https:\/\/2025.zockerstuebchen.com\/#breadcrumb\"},\"inLanguage\":\"de\",\"potentialAction\":[{\"@type\":\"ReadAction\",\"target\":[\"https:\/\/2025.zockerstuebchen.com\/\"]}]},{\"@type\":\"ImageObject\",\"inLanguage\":\"de\",\"@id\":\"https:\/\/2025.zockerstuebchen.com\/#primaryimage\",\"url\":\"https:\/\/2025.zockerstuebchen.com\/wp-content\/uploads\/2025\/08\/Logo_ZOCKER_STUBCHEN-scaled.png\",\"contentUrl\":\"https:\/\/2025.zockerstuebchen.com\/wp-content\/uploads\/2025\/08\/Logo_ZOCKER_STUBCHEN-scaled.png\",\"width\":2560,\"height\":2560,\"caption\":\"Zockerst\u00fcbchen\"},{\"@type\":\"BreadcrumbList\",\"@id\":\"https:\/\/2025.zockerstuebchen.com\/#breadcrumb\",\"itemListElement\":[{\"@type\":\"ListItem\",\"position\":1,\"name\":\"Startseite\",\"item\":\"https:\/\/2025.zockerstuebchen.com\/\"},{\"@type\":\"ListItem\",\"position\":2,\"name\":\"Startseite\"}]},{\"@type\":\"WebSite\",\"@id\":\"https:\/\/2025.zockerstuebchen.com\/#website\",\"url\":\"https:\/\/2025.zockerstuebchen.com\/\",\"name\":\"Zockerst\u00fcbchen\",\"description\":\"\",\"publisher\":{\"@id\":\"https:\/\/2025.zockerstuebchen.com\/#organization\"},\"potentialAction\":[{\"@type\":\"SearchAction\",\"target\":{\"@type\":\"EntryPoint\",\"urlTemplate\":\"https:\/\/2025.zockerstuebchen.com\/?s={search_term_string}\"},\"query-input\":{\"@type\":\"PropertyValueSpecification\",\"valueRequired\":true,\"valueName\":\"search_term_string\"}}],\"inLanguage\":\"de\"},{\"@type\":\"Organization\",\"@id\":\"https:\/\/2025.zockerstuebchen.com\/#organization\",\"name\":\"Zockerst\u00fcbchen\",\"url\":\"https:\/\/2025.zockerstuebchen.com\/\",\"logo\":{\"@type\":\"ImageObject\",\"inLanguage\":\"de\",\"@id\":\"https:\/\/2025.zockerstuebchen.com\/#\/schema\/logo\/image\/\",\"url\":\"https:\/\/2025.zockerstuebchen.com\/wp-content\/uploads\/2025\/08\/Logo_ZOCKER_STUBCHEN-scaled.png\",\"contentUrl\":\"https:\/\/2025.zockerstuebchen.com\/wp-content\/uploads\/2025\/08\/Logo_ZOCKER_STUBCHEN-scaled.png\",\"width\":2560,\"height\":2560,\"caption\":\"Zockerst\u00fcbchen\"},\"image\":{\"@id\":\"https:\/\/2025.zockerstuebchen.com\/#\/schema\/logo\/image\/\"}}]}<\/script>\n<!-- \/ Yoast SEO plugin. -->","yoast_head_json":{"title":"Startseite - Zockerst\u00fcbchen","robots":{"index":"index","follow":"follow","max-snippet":"max-snippet:-1","max-image-preview":"max-image-preview:large","max-video-preview":"max-video-preview:-1"},"canonical":"https:\/\/2025.zockerstuebchen.com\/","og_locale":"de_DE","og_type":"article","og_title":"Startseite - Zockerst\u00fcbchen","og_description":"Hauptkanal 24\/7 Stream Das Team Zockerst\u00fcbchen Pyano Zockerst\u00fcbchentag 2025 Am 21.09. findet unser Zockerst\u00fcbchentag statt. Hier findet ihr unser Programm","og_url":"https:\/\/2025.zockerstuebchen.com\/","og_site_name":"Zockerst\u00fcbchen","article_modified_time":"2025-08-20T12:11:16+00:00","og_image":[{"url":"https:\/\/2025.zockerstuebchen.com\/wp-content\/uploads\/2025\/08\/Logo_ZOCKER_STUBCHEN-150x150.png","type":"","width":"","height":""}],"twitter_card":"summary_large_image","twitter_misc":{"Gesch\u00e4tzte Lesezeit":"1\u00a0Minute"},"schema":{"@context":"https:\/\/schema.org","@graph":[{"@type":"WebPage","@id":"https:\/\/2025.zockerstuebchen.com\/","url":"https:\/\/2025.zockerstuebchen.com\/","name":"Startseite - Zockerst\u00fcbchen","isPartOf":{"@id":"https:\/\/2025.zockerstuebchen.com\/#website"},"primaryImageOfPage":{"@id":"https:\/\/2025.zockerstuebchen.com\/#primaryimage"},"image":{"@id":"https:\/\/2025.zockerstuebchen.com\/#primaryimage"},"thumbnailUrl":"https:\/\/2025.zockerstuebchen.com\/wp-content\/uploads\/2025\/08\/Logo_ZOCKER_STUBCHEN-150x150.png","datePublished":"2025-08-20T11:16:23+00:00","dateModified":"2025-08-20T12:11:16+00:00","breadcrumb":{"@id":"https:\/\/2025.zockerstuebchen.com\/#breadcrumb"},"inLanguage":"de","potentialAction":[{"@type":"ReadAction","target":["https:\/\/2025.zockerstuebchen.com\/"]}]},{"@type":"ImageObject","inLanguage":"de","@id":"https:\/\/2025.zockerstuebchen.com\/#primaryimage","url":"https:\/\/2025.zockerstuebchen.com\/wp-content\/uploads\/2025\/08\/Logo_ZOCKER_STUBCHEN-scaled.png","contentUrl":"https:\/\/2025.zockerstuebchen.com\/wp-content\/uploads\/2025\/08\/Logo_ZOCKER_STUBCHEN-scaled.png","width":2560,"height":2560,"caption":"Zockerst\u00fcbchen"},{"@type":"BreadcrumbList","@id":"https:\/\/2025.zockerstuebchen.com\/#breadcrumb","itemListElement":[{"@type":"ListItem","position":1,"name":"Startseite","item":"https:\/\/2025.zockerstuebchen.com\/"},{"@type":"ListItem","position":2,"name":"Startseite"}]},{"@type":"WebSite","@id":"https:\/\/2025.zockerstuebchen.com\/#website","url":"https:\/\/2025.zockerstuebchen.com\/","name":"Zockerst\u00fcbchen","description":"","publisher":{"@id":"https:\/\/2025.zockerstuebchen.com\/#organization"},"potentialAction":[{"@type":"SearchAction","target":{"@type":"EntryPoint","urlTemplate":"https:\/\/2025.zockerstuebchen.com\/?s={search_term_string}"},"query-input":{"@type":"PropertyValueSpecification","valueRequired":true,"valueName":"search_term_string"}}],"inLanguage":"de"},{"@type":"Organization","@id":"https:\/\/2025.zockerstuebchen.com\/#organization","name":"Zockerst\u00fcbchen","url":"https:\/\/2025.zockerstuebchen.com\/","logo":{"@type":"ImageObject","inLanguage":"de","@id":"https:\/\/2025.zockerstuebchen.com\/#\/schema\/logo\/image\/","url":"https:\/\/2025.zockerstuebchen.com\/wp-content\/uploads\/2025\/08\/Logo_ZOCKER_STUBCHEN-scaled.png","contentUrl":"https:\/\/2025.zockerstuebchen.com\/wp-content\/uploads\/2025\/08\/Logo_ZOCKER_STUBCHEN-scaled.png","width":2560,"height":2560,"caption":"Zockerst\u00fcbchen"},"image":{"@id":"https:\/\/2025.zockerstuebchen.com\/#\/schema\/logo\/image\/"}}]}},"_links":{"self":[{"href":"https:\/\/2025.zockerstuebchen.com\/index.php?rest_route=\/wp\/v2\/pages\/23","targetHints":{"allow":["GET"]}}],"collection":[{"href":"https:\/\/2025.zockerstuebchen.com\/index.php?rest_route=\/wp\/v2\/pages"}],"about":[{"href":"https:\/\/2025.zockerstuebchen.com\/index.php?rest_route=\/wp\/v2\/types\/page"}],"author":[{"embeddable":true,"href":"https:\/\/2025.zockerstuebchen.com\/index.php?rest_route=\/wp\/v2\/users\/1"}],"replies":[{"embeddable":true,"href":"https:\/\/2025.zockerstuebchen.com\/index.php?rest_route=%2Fwp%2Fv2%2Fcomments&post=23"}],"version-history":[{"count":16,"href":"https:\/\/2025.zockerstuebchen.com\/index.php?rest_route=\/wp\/v2\/pages\/23\/revisions"}],"predecessor-version":[{"id":43,"href":"https:\/\/2025.zockerstuebchen.com\/index.php?rest_route=\/wp\/v2\/pages\/23\/revisions\/43"}],"wp:attachment":[{"href":"https:\/\/2025.zockerstuebchen.com\/index.php?rest_route=%2Fwp%2Fv2%2Fmedia&parent=23"}],"curies":[{"name":"wp","href":"https:\/\/api.w.org\/{rel}","templated":true}]}}